{"id":942,"date":"2012-04-06T13:43:34","date_gmt":"2012-04-06T13:43:34","guid":{"rendered":"http:\/\/naturalwebdesign.net\/strona-glowna\/"},"modified":"2016-08-15T11:54:28","modified_gmt":"2016-08-15T11:54:28","slug":"strona-glowna","status":"publish","type":"page","link":"https:\/\/naturalwebdesign.net\/pl\/","title":{"rendered":"Strona G\u0142\u00f3wna"},"content":{"rendered":"[vc_row][vc_column][\/vc_column][\/vc_row][vc_row][vc_column width=&#8221;1\/3&#8243;]<div class=\"true-icon-box tt_  SsicDWAU\"><span class=\"fa-stack fa-4x\"><i class=\"fa fa-circle fa-stack-2x\"><\/i><i class=\"fa typcn typcn-html5 fa-stack-1x fa-inverse\"><\/i><\/span>\n<h3>Responsywne strony<\/h3>\n<p><span>Naturalny Web Design oferuje kompleksowe wsparcie przy wdra\u017caniu i obs\u0142udze stron internetowych, pocz\u0105wszy od rejestracji domeny, poprzez projekt strony, zbudowanie i umieszczenie jej plik\u00f3w na serwerze, skonfigurowanie kont poczty email oraz aktualizacji tre\u015bci witryn. Nasze wykonania opieramy g\u0142\u00f3wnie na technologiach takich jak PHP i MySQL, jQuery, HTML5, Ajax oraz systemach zarz\u0105dzania tre\u015bci\u0105 WordPress.<\/span><\/p>\n<a class=\"overlay-link\" href=\"http:\/\/naturalwebdesign.net\/pl\/strony-internetowe\/\" target=\"\" title=\"Strony internetowe\"><\/a><\/div>[\/vc_column][vc_column width=&#8221;1\/3&#8243;]<div class=\"true-icon-box tt_  SRcdCYmy\"><span class=\"fa-stack fa-4x\"><i class=\"fa fa-circle fa-stack-2x\"><\/i><i class=\"fa typcn typcn-shopping-cart fa-stack-1x fa-inverse\"><\/i><\/span>\n<h3>E-commerce &#8211; sklepy<\/h3>\n<p><span>Realizujemy zaawansowane systemy e-commerce (internetowe platformy sprzeda\u017cy) takie jak sklepy internetowe, pozwalaj\u0105ce na komfortowe dokonywanie zakup\u00f3w i p\u0142atno\u015bci przez klient\u00f3w sklepu, prowadzenie sprzeda\u017cy wysy\u0142kowej, nadz\u00f3r nad systemem zam\u00f3wie\u0144, magazynem, systemem wysy\u0142ki itp. Korzystamy najcz\u0119\u015bciej z technologii takich jak Magento, OpenCart, PrestaShop oraz WordPress.<\/span><\/p>\n<a class=\"overlay-link\" href=\"http:\/\/naturalwebdesign.net\/pl\/sklepy-internetowe\/\" target=\"\" title=\"E-commerce - Sklepy internetowe\"><\/a><\/div>[\/vc_column][vc_column width=&#8221;1\/3&#8243;]<div class=\"true-icon-box tt_  UzWeMtLO\"><span class=\"fa-stack fa-4x\"><i class=\"fa fa-circle fa-stack-2x\"><\/i><i class=\"fa typcn typcn-tabs-outline fa-stack-1x fa-inverse\"><\/i><\/span>\n<h3>Aplikacje Webowe<\/h3>\n<p><span>Tworzymy od podstaw portale, serwisy i aplikacje internetowe przeznaczone do konkretnych zada\u0144. Mog\u0105 by\u0107 to systemy ERP \u2013 s\u0142u\u017c\u0105ce zarz\u0105dzaniu planowaniem zasobami przedsi\u0119biorstw, aplikacje maj\u0105ce na celu usprawnianie proces\u00f3w rekrutacji, portale z ofertami pracy, serwisy aukcyjne, fora internetowe i wiele innych w zale\u017cno\u015bci od dedykowanego im przeznaczenia. W tym celu stosujemy technologie takie jak PHP i MySQL oraz systemy CMS.<\/span><\/p>\n<a class=\"overlay-link\" href=\"http:\/\/naturalwebdesign.net\/pl\/aplikacje-internetowe\/\" target=\"\" title=\"Aplikacje Webowe\"><\/a><\/div>[\/vc_column][\/vc_row][vc_row][vc_column]<div class=\"true-icon-box tt_  YFeknhuO\"><span class=\"fa-stack fa-3x\"><i class=\"fa fa-circle fa-stack-2x\"><\/i><i class=\"fa typcn typcn-chart-line fa-stack-1x fa-inverse\"><\/i><\/span>\n<h3>SEO i wizerunek<\/h3>\n<p><span>Wykonujemy zabiegi maj\u0105ce na celu optymalizacj\u0119 i pozycjonowanie stron internetowych z uwzgl\u0119dnieniem najpopularniejszych wyszukiwarek (np. Google, Bing). Bierzemy r\u00f3wnie\u017c pod uwag\u0119 prowadzenie kampanii AdWords oraz tworzenie wizyt\u00f3wek firmy w Google Maps. Ponadto realizujemy szablony do serwis\u00f3w aukcyjnych takich jak Allegro, eBay, projekty broszur, papier\u00f3w, wizyt\u00f3wek firmowych, itp.<\/span><\/p>\n<a class=\"overlay-link\" href=\"http:\/\/naturalwebdesign.net\/pl\/pozycjonowanie-i-wizerunek\/\" target=\"\" title=\"SEO i Wizerunek\"><\/a><\/div>[\/vc_column][\/vc_row]\n","protected":false},"excerpt":{"rendered":"<p>[vc_row][vc_column][\/vc_column][\/vc_row][vc_row][vc_column width=&#8221;1\/3&#8243;][\/vc_column][vc_column width=&#8221;1\/3&#8243;][\/vc_column][vc_column width=&#8221;1\/3&#8243;][\/vc_column][\/vc_row][vc_row][vc_column][\/vc_column][\/vc_row]<\/p>\n","protected":false},"author":2,"featured_media":0,"parent":0,"menu_order":0,"comment_status":"closed","ping_status":"closed","template":"","meta":{"footnotes":""},"class_list":["post-942","page","type-page","status-publish","hentry"],"yoast_head":"<!-- This site is optimized with the Yoast SEO plugin v27.4 - https:\/\/yoast.com\/product\/yoast-seo-wordpress\/ -->\n<title>Strony Internetowe \u2022 Natural Web Design<\/title>\n<meta name=\"description\" content=\"Web Development | Web Mastering | SEO - Pozycjonowanie | Dariusz-Zielonka.pl\" \/>\n<meta name=\"robots\" content=\"index, follow, max-snippet:-1, max-image-preview:large, max-video-preview:-1\" \/>\n<link rel=\"canonical\" href=\"https:\/\/naturalwebdesign.net\/pl\/\" \/>\n<meta name=\"twitter:label1\" content=\"Szacowany czas czytania\" \/>\n\t<meta name=\"twitter:data1\" content=\"2 minutes\" \/>\n<script type=\"application\/ld+json\" class=\"yoast-schema-graph\">{\"@context\":\"https:\\\/\\\/schema.org\",\"@graph\":[{\"@type\":\"WebPage\",\"@id\":\"https:\\\/\\\/naturalwebdesign.net\\\/pl\\\/\",\"url\":\"https:\\\/\\\/naturalwebdesign.net\\\/pl\\\/\",\"name\":\"Strony Internetowe \u2022 Natural Web Design\",\"isPartOf\":{\"@id\":\"https:\\\/\\\/naturalwebdesign.net\\\/pl\\\/#website\"},\"datePublished\":\"2012-04-06T13:43:34+00:00\",\"dateModified\":\"2016-08-15T11:54:28+00:00\",\"description\":\"Web Development | Web Mastering | SEO - Pozycjonowanie | Dariusz-Zielonka.pl\",\"breadcrumb\":{\"@id\":\"https:\\\/\\\/naturalwebdesign.net\\\/pl\\\/#breadcrumb\"},\"inLanguage\":\"pl-PL\",\"potentialAction\":[{\"@type\":\"ReadAction\",\"target\":[\"https:\\\/\\\/naturalwebdesign.net\\\/pl\\\/\"]}]},{\"@type\":\"BreadcrumbList\",\"@id\":\"https:\\\/\\\/naturalwebdesign.net\\\/pl\\\/#breadcrumb\",\"itemListElement\":[{\"@type\":\"ListItem\",\"position\":1,\"name\":\"Home\",\"item\":\"https:\\\/\\\/naturalwebdesign.net\\\/pl\\\/\"},{\"@type\":\"ListItem\",\"position\":2,\"name\":\"Strona G\u0142\u00f3wna\"}]},{\"@type\":\"WebSite\",\"@id\":\"https:\\\/\\\/naturalwebdesign.net\\\/pl\\\/#website\",\"url\":\"https:\\\/\\\/naturalwebdesign.net\\\/pl\\\/\",\"name\":\"Natural Web Design - Projektowanie Stron WWW, Sklepy Internetowe, Aplikacje\",\"description\":\"Strony Internetowe | Aplikacje Internetowe | Web Development | SEO - Pozycjonowanie | CMS | WordPress | Magento | PrestaShop | Warszawa\",\"potentialAction\":[{\"@type\":\"SearchAction\",\"target\":{\"@type\":\"EntryPoint\",\"urlTemplate\":\"https:\\\/\\\/naturalwebdesign.net\\\/pl\\\/?s={search_term_string}\"},\"query-input\":{\"@type\":\"PropertyValueSpecification\",\"valueRequired\":true,\"valueName\":\"search_term_string\"}}],\"inLanguage\":\"pl-PL\"}]}<\/script>\n<!-- \/ Yoast SEO plugin. -->","yoast_head_json":{"title":"Strony Internetowe \u2022 Natural Web Design","description":"Web Development | Web Mastering | SEO - Pozycjonowanie | Dariusz-Zielonka.pl","robots":{"index":"index","follow":"follow","max-snippet":"max-snippet:-1","max-image-preview":"max-image-preview:large","max-video-preview":"max-video-preview:-1"},"canonical":"https:\/\/naturalwebdesign.net\/pl\/","twitter_misc":{"Szacowany czas czytania":"2 minutes"},"schema":{"@context":"https:\/\/schema.org","@graph":[{"@type":"WebPage","@id":"https:\/\/naturalwebdesign.net\/pl\/","url":"https:\/\/naturalwebdesign.net\/pl\/","name":"Strony Internetowe \u2022 Natural Web Design","isPartOf":{"@id":"https:\/\/naturalwebdesign.net\/pl\/#website"},"datePublished":"2012-04-06T13:43:34+00:00","dateModified":"2016-08-15T11:54:28+00:00","description":"Web Development | Web Mastering | SEO - Pozycjonowanie | Dariusz-Zielonka.pl","breadcrumb":{"@id":"https:\/\/naturalwebdesign.net\/pl\/#breadcrumb"},"inLanguage":"pl-PL","potentialAction":[{"@type":"ReadAction","target":["https:\/\/naturalwebdesign.net\/pl\/"]}]},{"@type":"BreadcrumbList","@id":"https:\/\/naturalwebdesign.net\/pl\/#breadcrumb","itemListElement":[{"@type":"ListItem","position":1,"name":"Home","item":"https:\/\/naturalwebdesign.net\/pl\/"},{"@type":"ListItem","position":2,"name":"Strona G\u0142\u00f3wna"}]},{"@type":"WebSite","@id":"https:\/\/naturalwebdesign.net\/pl\/#website","url":"https:\/\/naturalwebdesign.net\/pl\/","name":"Natural Web Design - Projektowanie Stron WWW, Sklepy Internetowe, Aplikacje","description":"Strony Internetowe | Aplikacje Internetowe | Web Development | SEO - Pozycjonowanie | CMS | WordPress | Magento | PrestaShop | Warszawa","potentialAction":[{"@type":"SearchAction","target":{"@type":"EntryPoint","urlTemplate":"https:\/\/naturalwebdesign.net\/pl\/?s={search_term_string}"},"query-input":{"@type":"PropertyValueSpecification","valueRequired":true,"valueName":"search_term_string"}}],"inLanguage":"pl-PL"}]}},"_links":{"self":[{"href":"https:\/\/naturalwebdesign.net\/pl\/wp-json\/wp\/v2\/pages\/942","targetHints":{"allow":["GET"]}}],"collection":[{"href":"https:\/\/naturalwebdesign.net\/pl\/wp-json\/wp\/v2\/pages"}],"about":[{"href":"https:\/\/naturalwebdesign.net\/pl\/wp-json\/wp\/v2\/types\/page"}],"author":[{"embeddable":true,"href":"https:\/\/naturalwebdesign.net\/pl\/wp-json\/wp\/v2\/users\/2"}],"replies":[{"embeddable":true,"href":"https:\/\/naturalwebdesign.net\/pl\/wp-json\/wp\/v2\/comments?post=942"}],"version-history":[{"count":5,"href":"https:\/\/naturalwebdesign.net\/pl\/wp-json\/wp\/v2\/pages\/942\/revisions"}],"predecessor-version":[{"id":1246,"href":"https:\/\/naturalwebdesign.net\/pl\/wp-json\/wp\/v2\/pages\/942\/revisions\/1246"}],"wp:attachment":[{"href":"https:\/\/naturalwebdesign.net\/pl\/wp-json\/wp\/v2\/media?parent=942"}],"curies":[{"name":"wp","href":"https:\/\/api.w.org\/{rel}","templated":true}]}}