{"id":944,"date":"2012-04-07T22:22:07","date_gmt":"2012-04-07T22:22:07","guid":{"rendered":"http:\/\/naturalwebdesign.net\/portfolio-2\/"},"modified":"2019-07-03T10:47:52","modified_gmt":"2019-07-03T10:47:52","slug":"portfolio","status":"publish","type":"page","link":"https:\/\/naturalwebdesign.net\/pl\/portfolio\/","title":{"rendered":"Portfolio"},"content":{"rendered":"<h4>Uko\u0144czone projekty<\/h4>\n\n\t\t<style type=\"text\/css\">\n\t\t\t#gallery-1 {\n\t\t\t\tmargin: auto;\n\t\t\t}\n\t\t\t#gallery-1 .gallery-item {\n\t\t\t\tfloat: left;\n\t\t\t\tmargin-top: 10px;\n\t\t\t\ttext-align: center;\n\t\t\t\twidth: 25%;\n\t\t\t}\n\t\t\t#gallery-1 img {\n\t\t\t\tborder: 2px solid #cfcfcf;\n\t\t\t}\n\t\t\t#gallery-1 .gallery-caption {\n\t\t\t\tmargin-left: 0;\n\t\t\t}\n\t\t\t\/* see gallery_shortcode() in wp-includes\/media.php *\/\n\t\t<\/style>\n\t\t<div id='gallery-1' class='gallery galleryid-944 gallery-columns-4 gallery-size-thumbnail'><dl class='gallery-item'>\n\t\t\t<dt class='gallery-icon landscape'>\n\t\t\t\t<a href='https:\/\/naturalwebdesign.net\/wp-content\/uploads\/2019\/02\/haineman-capital-pl.png'><img loading=\"lazy\" decoding=\"async\" width=\"150\" height=\"150\" src=\"https:\/\/naturalwebdesign.net\/wp-content\/uploads\/2019\/02\/haineman-capital-pl-150x150.png\" class=\"attachment-thumbnail size-thumbnail\" alt=\"Haineman Capital Sp. z.o.o,\" aria-describedby=\"gallery-1-4708\" srcset=\"https:\/\/naturalwebdesign.net\/wp-content\/uploads\/2019\/02\/haineman-capital-pl-150x150.png 150w, https:\/\/naturalwebdesign.net\/wp-content\/uploads\/2019\/02\/haineman-capital-pl-71x71.png 71w, https:\/\/naturalwebdesign.net\/wp-content\/uploads\/2019\/02\/haineman-capital-pl-36x36.png 36w\" sizes=\"auto, (max-width: 150px) 100vw, 150px\" \/><\/a>\n\t\t\t<\/dt>\n\t\t\t\t<dd class='wp-caption-text gallery-caption' id='gallery-1-4708'>\n\t\t\t\tHaineman Capital Sp. z.o.o,\n\t\t\t\t<\/dd><\/dl><dl class='gallery-item'>\n\t\t\t<dt class='gallery-icon landscape'>\n\t\t\t\t<a href='https:\/\/naturalwebdesign.net\/wp-content\/uploads\/2019\/02\/ar-group-en.png'><img loading=\"lazy\" decoding=\"async\" width=\"150\" height=\"150\" src=\"https:\/\/naturalwebdesign.net\/wp-content\/uploads\/2019\/02\/ar-group-en-150x150.png\" class=\"attachment-thumbnail size-thumbnail\" alt=\"Uber Partner\" aria-describedby=\"gallery-1-4706\" srcset=\"https:\/\/naturalwebdesign.net\/wp-content\/uploads\/2019\/02\/ar-group-en-150x150.png 150w, https:\/\/naturalwebdesign.net\/wp-content\/uploads\/2019\/02\/ar-group-en-71x71.png 71w, https:\/\/naturalwebdesign.net\/wp-content\/uploads\/2019\/02\/ar-group-en-36x36.png 36w\" sizes=\"auto, (max-width: 150px) 100vw, 150px\" \/><\/a>\n\t\t\t<\/dt>\n\t\t\t\t<dd class='wp-caption-text gallery-caption' id='gallery-1-4706'>\n\t\t\t\t<a target=\"_blank\" title=\"Przyk\u0142ad funkcjonuj\u0105cej strony\" href=\"https:\/\/ar-grop.pl\/\" rel=\"noopener noreferrer\">Uber Partner<\/a>\n\t\t\t\t<\/dd><\/dl><dl class='gallery-item'>\n\t\t\t<dt class='gallery-icon landscape'>\n\t\t\t\t<a href='https:\/\/naturalwebdesign.net\/wp-content\/uploads\/2019\/02\/accounting-abrcg-pl.png'><img loading=\"lazy\" decoding=\"async\" width=\"150\" height=\"150\" src=\"https:\/\/naturalwebdesign.net\/wp-content\/uploads\/2019\/02\/accounting-abrcg-pl-150x150.png\" class=\"attachment-thumbnail size-thumbnail\" alt=\"ABR Consulting Group\" aria-describedby=\"gallery-1-4704\" srcset=\"https:\/\/naturalwebdesign.net\/wp-content\/uploads\/2019\/02\/accounting-abrcg-pl-150x150.png 150w, https:\/\/naturalwebdesign.net\/wp-content\/uploads\/2019\/02\/accounting-abrcg-pl-71x71.png 71w, https:\/\/naturalwebdesign.net\/wp-content\/uploads\/2019\/02\/accounting-abrcg-pl-36x36.png 36w\" sizes=\"auto, (max-width: 150px) 100vw, 150px\" \/><\/a>\n\t\t\t<\/dt>\n\t\t\t\t<dd class='wp-caption-text gallery-caption' id='gallery-1-4704'>\n\t\t\t\tABR Consulting Group\n\t\t\t\t<\/dd><\/dl><dl class='gallery-item'>\n\t\t\t<dt class='gallery-icon landscape'>\n\t\t\t\t<a href='https:\/\/naturalwebdesign.net\/wp-content\/uploads\/2012\/04\/PortfolioDEA.png'><img loading=\"lazy\" decoding=\"async\" width=\"150\" height=\"150\" src=\"https:\/\/naturalwebdesign.net\/wp-content\/uploads\/2012\/04\/PortfolioDEA-150x150.png\" class=\"attachment-thumbnail size-thumbnail\" alt=\"\" aria-describedby=\"gallery-1-1036\" \/><\/a>\n\t\t\t<\/dt>\n\t\t\t\t<dd class='wp-caption-text gallery-caption' id='gallery-1-1036'>\n\t\t\t\t<a class=\"colorbox-link cboxElement\" title=\"Przyk\u0142ad funkcjonuj\u0105cej strony\" href=\"https:\/\/www.dj-dea.net\/\">DJ D.E.A.<\/a>\n\t\t\t\t<\/dd><\/dl><br style=\"clear: both\" \/><dl class='gallery-item'>\n\t\t\t<dt class='gallery-icon landscape'>\n\t\t\t\t<a href='https:\/\/naturalwebdesign.net\/wp-content\/uploads\/2012\/04\/amc-banking-pl.png'><img loading=\"lazy\" decoding=\"async\" width=\"150\" height=\"150\" src=\"https:\/\/naturalwebdesign.net\/wp-content\/uploads\/2012\/04\/amc-banking-pl-150x150.png\" class=\"attachment-thumbnail size-thumbnail\" alt=\"\" aria-describedby=\"gallery-1-2532\" \/><\/a>\n\t\t\t<\/dt>\n\t\t\t\t<dd class='wp-caption-text gallery-caption' id='gallery-1-2532'>\n\t\t\t\t<a class=\"colorbox-link cboxElement\" title=\"Przyk\u0142ad funkcjonuj\u0105cej strony\" href=\"https:\/\/amcbanking.com\/\">AMC Banking<\/a>\n\t\t\t\t<\/dd><\/dl><dl class='gallery-item'>\n\t\t\t<dt class='gallery-icon portrait'>\n\t\t\t\t<a href='https:\/\/naturalwebdesign.net\/wp-content\/uploads\/2013\/08\/Treasurion1.png'><img loading=\"lazy\" decoding=\"async\" width=\"150\" height=\"150\" src=\"https:\/\/naturalwebdesign.net\/wp-content\/uploads\/2013\/08\/Treasurion1-150x150.png\" class=\"attachment-thumbnail size-thumbnail\" alt=\"\" aria-describedby=\"gallery-1-2476\" \/><\/a>\n\t\t\t<\/dt>\n\t\t\t\t<dd class='wp-caption-text gallery-caption' id='gallery-1-2476'>\n\t\t\t\t<a title=\"Przyk\u0142ad funkcjonuj\u0105cej strony\" href=\"https:\/\/treasurion.com\/\" target=\"_blank\">Treasurion Sklep Jubilerski (Magento)<\/a> <br> We wsp\u00f3\u0142pracy z Firm Web Design<\/a>\n\t\t\t\t<\/dd><\/dl><dl class='gallery-item'>\n\t\t\t<dt class='gallery-icon portrait'>\n\t\t\t\t<a href='https:\/\/naturalwebdesign.net\/wp-content\/uploads\/2012\/04\/ADiSS_SGGW.png'><img loading=\"lazy\" decoding=\"async\" width=\"150\" height=\"150\" src=\"https:\/\/naturalwebdesign.net\/wp-content\/uploads\/2012\/04\/ADiSS_SGGW-e1411933387993-150x150.png\" class=\"attachment-thumbnail size-thumbnail\" alt=\"\" aria-describedby=\"gallery-1-1043\" \/><\/a>\n\t\t\t<\/dt>\n\t\t\t\t<dd class='wp-caption-text gallery-caption' id='gallery-1-1043'>\n\t\t\t\t<a title=\"Przyk\u0142ad funkcjonuj\u0105cej strony\" href=\"http:\/\/adiss.sggw.pl\/\" target=\"_blank\">Administracja Dom\u00f3w i Sto\u0142\u00f3wek Studenckich SGGW<\/a>\n\t\t\t\t<\/dd><\/dl><dl class='gallery-item'>\n\t\t\t<dt class='gallery-icon portrait'>\n\t\t\t\t<a href='https:\/\/naturalwebdesign.net\/wp-content\/uploads\/2012\/04\/alicjawegorzewska.png'><img loading=\"lazy\" decoding=\"async\" width=\"150\" height=\"150\" src=\"https:\/\/naturalwebdesign.net\/wp-content\/uploads\/2012\/04\/alicjawegorzewska-e1411933181596-150x150.png\" class=\"attachment-thumbnail size-thumbnail\" alt=\"\" aria-describedby=\"gallery-1-1048\" \/><\/a>\n\t\t\t<\/dt>\n\t\t\t\t<dd class='wp-caption-text gallery-caption' id='gallery-1-1048'>\n\t\t\t\tAlicja W\u0119gorzewska\n\t\t\t\t<\/dd><\/dl><br style=\"clear: both\" \/><dl class='gallery-item'>\n\t\t\t<dt class='gallery-icon landscape'>\n\t\t\t\t<a href='https:\/\/naturalwebdesign.net\/wp-content\/uploads\/2013\/04\/springmusic-pl.png'><img loading=\"lazy\" decoding=\"async\" width=\"150\" height=\"150\" src=\"https:\/\/naturalwebdesign.net\/wp-content\/uploads\/2013\/04\/springmusic-pl-150x150.png\" class=\"attachment-thumbnail size-thumbnail\" alt=\"\" aria-describedby=\"gallery-1-1097\" \/><\/a>\n\t\t\t<\/dt>\n\t\t\t\t<dd class='wp-caption-text gallery-caption' id='gallery-1-1097'>\n\t\t\t\tSPRING music\n\t\t\t\t<\/dd><\/dl><dl class='gallery-item'>\n\t\t\t<dt class='gallery-icon portrait'>\n\t\t\t\t<a href='https:\/\/naturalwebdesign.net\/wp-content\/uploads\/2013\/08\/kiepura1.png'><img loading=\"lazy\" decoding=\"async\" width=\"150\" height=\"150\" src=\"https:\/\/naturalwebdesign.net\/wp-content\/uploads\/2013\/08\/kiepura1-150x150.png\" class=\"attachment-thumbnail size-thumbnail\" alt=\"\" aria-describedby=\"gallery-1-2469\" \/><\/a>\n\t\t\t<\/dt>\n\t\t\t\t<dd class='wp-caption-text gallery-caption' id='gallery-1-2469'>\n\t\t\t\tFestiwal im. Jana Kiepury\n\t\t\t\t<\/dd><\/dl><dl class='gallery-item'>\n\t\t\t<dt class='gallery-icon landscape'>\n\t\t\t\t<a href='https:\/\/naturalwebdesign.net\/wp-content\/uploads\/2013\/09\/Tlumacz-Rosyjskiego1-e1378589906862.png'><img loading=\"lazy\" decoding=\"async\" width=\"150\" height=\"150\" src=\"https:\/\/naturalwebdesign.net\/wp-content\/uploads\/2013\/09\/Tlumacz-Rosyjskiego1-e1378589906862-150x150.png\" class=\"attachment-thumbnail size-thumbnail\" alt=\"\" aria-describedby=\"gallery-1-2478\" srcset=\"https:\/\/naturalwebdesign.net\/wp-content\/uploads\/2013\/09\/Tlumacz-Rosyjskiego1-e1378589906862-150x150.png 150w, https:\/\/naturalwebdesign.net\/wp-content\/uploads\/2013\/09\/Tlumacz-Rosyjskiego1-e1378589906862-300x300.png 300w, https:\/\/naturalwebdesign.net\/wp-content\/uploads\/2013\/09\/Tlumacz-Rosyjskiego1-e1378589906862-1024x1024.png 1024w, https:\/\/naturalwebdesign.net\/wp-content\/uploads\/2013\/09\/Tlumacz-Rosyjskiego1-e1378589906862.png 1347w\" sizes=\"auto, (max-width: 150px) 100vw, 150px\" \/><\/a>\n\t\t\t<\/dt>\n\t\t\t\t<dd class='wp-caption-text gallery-caption' id='gallery-1-2478'>\n\t\t\t\t<a class=\"colorbox-link cboxElement\" title=\"Przyk\u0142ad funkcjonuj\u0105cej strony\" href=\"https:\/\/rosyjski-tlumacz.pl\/\">T\u0142umacz J\u0119zyka Rosyjskiego<\/a>\n\t\t\t\t<\/dd><\/dl><dl class='gallery-item'>\n\t\t\t<dt class='gallery-icon landscape'>\n\t\t\t\t<a href='https:\/\/naturalwebdesign.net\/wp-content\/uploads\/2012\/07\/Staffer-Slider.png'><img loading=\"lazy\" decoding=\"async\" width=\"150\" height=\"150\" src=\"https:\/\/naturalwebdesign.net\/wp-content\/uploads\/2012\/07\/Staffer-Slider-150x150.png\" class=\"attachment-thumbnail size-thumbnail\" alt=\"\" aria-describedby=\"gallery-1-1050\" \/><\/a>\n\t\t\t<\/dt>\n\t\t\t\t<dd class='wp-caption-text gallery-caption' id='gallery-1-1050'>\n\t\t\t\t<a class=\"colorbox-link cboxElement\" title=\"Przyk\u0142ad funkcjonuj\u0105cej strony\" href=\"https:\/\/www.staffer.com\/\">Staffer<\/a>\n\t\t\t\t<\/dd><\/dl><br style=\"clear: both\" \/><dl class='gallery-item'>\n\t\t\t<dt class='gallery-icon landscape'>\n\t\t\t\t<a href='https:\/\/naturalwebdesign.net\/wp-content\/uploads\/2012\/08\/PortfolioStafferTesty.png'><img loading=\"lazy\" decoding=\"async\" width=\"150\" height=\"150\" src=\"https:\/\/naturalwebdesign.net\/wp-content\/uploads\/2012\/08\/PortfolioStafferTesty-e1411933241660-150x150.png\" class=\"attachment-thumbnail size-thumbnail\" alt=\"\" aria-describedby=\"gallery-1-1042\" \/><\/a>\n\t\t\t<\/dt>\n\t\t\t\t<dd class='wp-caption-text gallery-caption' id='gallery-1-1042'>\n\t\t\t\tStaffer Testy\n\t\t\t\t<\/dd><\/dl><dl class='gallery-item'>\n\t\t\t<dt class='gallery-icon landscape'>\n\t\t\t\t<a href='https:\/\/naturalwebdesign.net\/wp-content\/uploads\/2012\/04\/PortfolioJLA.png'><img loading=\"lazy\" decoding=\"async\" width=\"150\" height=\"150\" src=\"https:\/\/naturalwebdesign.net\/wp-content\/uploads\/2012\/04\/PortfolioJLA-150x150.png\" class=\"attachment-thumbnail size-thumbnail\" alt=\"\" aria-describedby=\"gallery-1-1037\" \/><\/a>\n\t\t\t<\/dt>\n\t\t\t\t<dd class='wp-caption-text gallery-caption' id='gallery-1-1037'>\n\t\t\t\tJLA Asia Limited\n\t\t\t\t<\/dd><\/dl><dl class='gallery-item'>\n\t\t\t<dt class='gallery-icon landscape'>\n\t\t\t\t<a href='https:\/\/naturalwebdesign.net\/wp-content\/uploads\/2012\/04\/PortfolioMilena.png'><img loading=\"lazy\" decoding=\"async\" width=\"150\" height=\"150\" src=\"https:\/\/naturalwebdesign.net\/wp-content\/uploads\/2012\/04\/PortfolioMilena-150x150.png\" class=\"attachment-thumbnail size-thumbnail\" alt=\"\" aria-describedby=\"gallery-1-1039\" \/><\/a>\n\t\t\t<\/dt>\n\t\t\t\t<dd class='wp-caption-text gallery-caption' id='gallery-1-1039'>\n\t\t\t\tMilena Zu\n\t\t\t\t<\/dd><\/dl><dl class='gallery-item'>\n\t\t\t<dt class='gallery-icon landscape'>\n\t\t\t\t<a href='https:\/\/naturalwebdesign.net\/wp-content\/uploads\/2012\/04\/Machon-Yaakov.png'><img loading=\"lazy\" decoding=\"async\" width=\"150\" height=\"150\" src=\"https:\/\/naturalwebdesign.net\/wp-content\/uploads\/2012\/04\/Machon-Yaakov-150x150.png\" class=\"attachment-thumbnail size-thumbnail\" alt=\"\" aria-describedby=\"gallery-1-1045\" \/><\/a>\n\t\t\t<\/dt>\n\t\t\t\t<dd class='wp-caption-text gallery-caption' id='gallery-1-1045'>\n\t\t\t\t<a class=\"colorbox-link cboxElement\" title=\"Przyk\u0142ad funkcjonuj\u0105cej strony\" href=\"https:\/\/www.machonyaakov.org\/\">Machon Yaakov<\/a>\n\t\t\t\t<\/dd><\/dl><br style=\"clear: both\" \/>\n\t\t<\/div>\n\n","protected":false},"excerpt":{"rendered":"<p>Uko\u0144czone projekty<\/p>\n","protected":false},"author":2,"featured_media":0,"parent":0,"menu_order":5,"comment_status":"closed","ping_status":"closed","template":"","meta":{"footnotes":""},"class_list":["post-944","page","type-page","status-publish","hentry"],"yoast_head":"<!-- This site is optimized with the Yoast SEO plugin v27.4 - https:\/\/yoast.com\/product\/yoast-seo-wordpress\/ -->\n<title>Portfolio - Natural Web Design - Projektowanie Stron WWW, Sklepy Internetowe, Aplikacje<\/title>\n<meta name=\"robots\" content=\"index, follow, max-snippet:-1, max-image-preview:large, max-video-preview:-1\" \/>\n<link rel=\"canonical\" href=\"https:\/\/naturalwebdesign.net\/pl\/portfolio\/\" \/>\n<script type=\"application\/ld+json\" class=\"yoast-schema-graph\">{\"@context\":\"https:\\\/\\\/schema.org\",\"@graph\":[{\"@type\":\"WebPage\",\"@id\":\"https:\\\/\\\/naturalwebdesign.net\\\/pl\\\/portfolio\\\/\",\"url\":\"https:\\\/\\\/naturalwebdesign.net\\\/pl\\\/portfolio\\\/\",\"name\":\"Portfolio - Natural Web Design - Projektowanie Stron WWW, Sklepy Internetowe, Aplikacje\",\"isPartOf\":{\"@id\":\"https:\\\/\\\/naturalwebdesign.net\\\/pl\\\/#website\"},\"datePublished\":\"2012-04-07T22:22:07+00:00\",\"dateModified\":\"2019-07-03T10:47:52+00:00\",\"breadcrumb\":{\"@id\":\"https:\\\/\\\/naturalwebdesign.net\\\/pl\\\/portfolio\\\/#breadcrumb\"},\"inLanguage\":\"pl-PL\",\"potentialAction\":[{\"@type\":\"ReadAction\",\"target\":[\"https:\\\/\\\/naturalwebdesign.net\\\/pl\\\/portfolio\\\/\"]}]},{\"@type\":\"BreadcrumbList\",\"@id\":\"https:\\\/\\\/naturalwebdesign.net\\\/pl\\\/portfolio\\\/#breadcrumb\",\"itemListElement\":[{\"@type\":\"ListItem\",\"position\":1,\"name\":\"Home\",\"item\":\"https:\\\/\\\/naturalwebdesign.net\\\/pl\\\/\"},{\"@type\":\"ListItem\",\"position\":2,\"name\":\"Portfolio\"}]},{\"@type\":\"WebSite\",\"@id\":\"https:\\\/\\\/naturalwebdesign.net\\\/pl\\\/#website\",\"url\":\"https:\\\/\\\/naturalwebdesign.net\\\/pl\\\/\",\"name\":\"Natural Web Design - Projektowanie Stron WWW, Sklepy Internetowe, Aplikacje\",\"description\":\"Strony Internetowe | Aplikacje Internetowe | Web Development | SEO - Pozycjonowanie | CMS | WordPress | Magento | PrestaShop | Warszawa\",\"potentialAction\":[{\"@type\":\"SearchAction\",\"target\":{\"@type\":\"EntryPoint\",\"urlTemplate\":\"https:\\\/\\\/naturalwebdesign.net\\\/pl\\\/?s={search_term_string}\"},\"query-input\":{\"@type\":\"PropertyValueSpecification\",\"valueRequired\":true,\"valueName\":\"search_term_string\"}}],\"inLanguage\":\"pl-PL\"}]}<\/script>\n<!-- \/ Yoast SEO plugin. -->","yoast_head_json":{"title":"Portfolio - Natural Web Design - Projektowanie Stron WWW, Sklepy Internetowe, Aplikacje","robots":{"index":"index","follow":"follow","max-snippet":"max-snippet:-1","max-image-preview":"max-image-preview:large","max-video-preview":"max-video-preview:-1"},"canonical":"https:\/\/naturalwebdesign.net\/pl\/portfolio\/","schema":{"@context":"https:\/\/schema.org","@graph":[{"@type":"WebPage","@id":"https:\/\/naturalwebdesign.net\/pl\/portfolio\/","url":"https:\/\/naturalwebdesign.net\/pl\/portfolio\/","name":"Portfolio - Natural Web Design - Projektowanie Stron WWW, Sklepy Internetowe, Aplikacje","isPartOf":{"@id":"https:\/\/naturalwebdesign.net\/pl\/#website"},"datePublished":"2012-04-07T22:22:07+00:00","dateModified":"2019-07-03T10:47:52+00:00","breadcrumb":{"@id":"https:\/\/naturalwebdesign.net\/pl\/portfolio\/#breadcrumb"},"inLanguage":"pl-PL","potentialAction":[{"@type":"ReadAction","target":["https:\/\/naturalwebdesign.net\/pl\/portfolio\/"]}]},{"@type":"BreadcrumbList","@id":"https:\/\/naturalwebdesign.net\/pl\/portfolio\/#breadcrumb","itemListElement":[{"@type":"ListItem","position":1,"name":"Home","item":"https:\/\/naturalwebdesign.net\/pl\/"},{"@type":"ListItem","position":2,"name":"Portfolio"}]},{"@type":"WebSite","@id":"https:\/\/naturalwebdesign.net\/pl\/#website","url":"https:\/\/naturalwebdesign.net\/pl\/","name":"Natural Web Design - Projektowanie Stron WWW, Sklepy Internetowe, Aplikacje","description":"Strony Internetowe | Aplikacje Internetowe | Web Development | SEO - Pozycjonowanie | CMS | WordPress | Magento | PrestaShop | Warszawa","potentialAction":[{"@type":"SearchAction","target":{"@type":"EntryPoint","urlTemplate":"https:\/\/naturalwebdesign.net\/pl\/?s={search_term_string}"},"query-input":{"@type":"PropertyValueSpecification","valueRequired":true,"valueName":"search_term_string"}}],"inLanguage":"pl-PL"}]}},"_links":{"self":[{"href":"https:\/\/naturalwebdesign.net\/pl\/wp-json\/wp\/v2\/pages\/944","targetHints":{"allow":["GET"]}}],"collection":[{"href":"https:\/\/naturalwebdesign.net\/pl\/wp-json\/wp\/v2\/pages"}],"about":[{"href":"https:\/\/naturalwebdesign.net\/pl\/wp-json\/wp\/v2\/types\/page"}],"author":[{"embeddable":true,"href":"https:\/\/naturalwebdesign.net\/pl\/wp-json\/wp\/v2\/users\/2"}],"replies":[{"embeddable":true,"href":"https:\/\/naturalwebdesign.net\/pl\/wp-json\/wp\/v2\/comments?post=944"}],"version-history":[{"count":9,"href":"https:\/\/naturalwebdesign.net\/pl\/wp-json\/wp\/v2\/pages\/944\/revisions"}],"predecessor-version":[{"id":5129,"href":"https:\/\/naturalwebdesign.net\/pl\/wp-json\/wp\/v2\/pages\/944\/revisions\/5129"}],"wp:attachment":[{"href":"https:\/\/naturalwebdesign.net\/pl\/wp-json\/wp\/v2\/media?parent=944"}],"curies":[{"name":"wp","href":"https:\/\/api.w.org\/{rel}","templated":true}]}}