{"id":954,"date":"2012-07-29T22:54:37","date_gmt":"2012-07-29T22:54:37","guid":{"rendered":"http:\/\/naturalwebdesign.net\/pozycjonowanie-i-wizerunek\/"},"modified":"2013-08-18T18:34:28","modified_gmt":"2013-08-18T18:34:28","slug":"pozycjonowanie-i-wizerunek","status":"publish","type":"page","link":"https:\/\/naturalwebdesign.net\/pl\/pozycjonowanie-i-wizerunek\/","title":{"rendered":"Pozycjonowanie i Wizerunek"},"content":{"rendered":"<p>Wizerunek jest wszystkim, a Naturalny Web Design d\u0105\u017cy do stworzenia profesjonalnego wizerunku Twoich poczyna\u0144 online, z broszurami i szablonami wizyt\u00f3wek, Allegro i innych. Specjalizujemy si\u0119 w procedurach maj\u0105cych pom\u00f3c w optymalizacji rankingu witryn w Google, Bing i innych popularnych wyszukiwarkach. Kampanie AdWords i wizyt\u00f3wki Twojej firmy na Mapach Google to tylko wierzcho\u0142ek g\u00f3ry lodowej.<br \/>\n<!-- noformat on --><\/p>\n<div class=\"message_karma_coolblue colored_box\">\n<p class=\"home-p\"><a class=\"ka_button medium_button medium_black homebutton\" href=\"\/pl\/portfolio\/\" target=\"_self\"><span><strong>Nasze Realizacje \u00bb<\/strong><\/span><\/a><img decoding=\"async\" style=\"height: 100%\" class=\"size-full wp-image-211 homebanner\" alt=\"Natural Web Design\" src=\"\/wp-content\/uploads\/2012\/07\/banner.png\" \/><\/p>\n<\/div>\n<p><!-- noformat off --><\/p>\n","protected":false},"excerpt":{"rendered":"<p>Wizerunek jest wszystkim, a Naturalny Web Design d\u0105\u017cy do stworzenia profesjonalnego wizerunku Twoich poczyna\u0144 online, z broszurami i szablonami wizyt\u00f3wek, Allegro i innych. Specjalizujemy si\u0119 w procedurach maj\u0105cych pom\u00f3c w optymalizacji rankingu witryn w Google, Bing i innych popularnych wyszukiwarkach. Kampanie AdWords i wizyt\u00f3wki Twojej firmy na Mapach Google to tylko wierzcho\u0142ek g\u00f3ry lodowej.<\/p>\n<p>\nNasze Realizacje \u00bb<\/p>\n<p><\/p>\n","protected":false},"author":2,"featured_media":0,"parent":0,"menu_order":4,"comment_status":"open","ping_status":"closed","template":"","meta":{"footnotes":""},"class_list":["post-954","page","type-page","status-publish","hentry"],"yoast_head":"<!-- This site is optimized with the Yoast SEO plugin v27.4 - https:\/\/yoast.com\/product\/yoast-seo-wordpress\/ -->\n<title>Pozycjonowanie i Wizerunek - Natural Web Design - Projektowanie Stron WWW, Sklepy Internetowe, Aplikacje<\/title>\n<meta name=\"robots\" content=\"index, follow, max-snippet:-1, max-image-preview:large, max-video-preview:-1\" \/>\n<link rel=\"canonical\" href=\"https:\/\/naturalwebdesign.net\/pl\/pozycjonowanie-i-wizerunek\/\" \/>\n<script type=\"application\/ld+json\" class=\"yoast-schema-graph\">{\"@context\":\"https:\\\/\\\/schema.org\",\"@graph\":[{\"@type\":\"WebPage\",\"@id\":\"https:\\\/\\\/naturalwebdesign.net\\\/pl\\\/pozycjonowanie-i-wizerunek\\\/\",\"url\":\"https:\\\/\\\/naturalwebdesign.net\\\/pl\\\/pozycjonowanie-i-wizerunek\\\/\",\"name\":\"Pozycjonowanie i Wizerunek - Natural Web Design - Projektowanie Stron WWW, Sklepy Internetowe, Aplikacje\",\"isPartOf\":{\"@id\":\"https:\\\/\\\/naturalwebdesign.net\\\/pl\\\/#website\"},\"datePublished\":\"2012-07-29T22:54:37+00:00\",\"dateModified\":\"2013-08-18T18:34:28+00:00\",\"breadcrumb\":{\"@id\":\"https:\\\/\\\/naturalwebdesign.net\\\/pl\\\/pozycjonowanie-i-wizerunek\\\/#breadcrumb\"},\"inLanguage\":\"pl-PL\",\"potentialAction\":[{\"@type\":\"ReadAction\",\"target\":[\"https:\\\/\\\/naturalwebdesign.net\\\/pl\\\/pozycjonowanie-i-wizerunek\\\/\"]}]},{\"@type\":\"BreadcrumbList\",\"@id\":\"https:\\\/\\\/naturalwebdesign.net\\\/pl\\\/pozycjonowanie-i-wizerunek\\\/#breadcrumb\",\"itemListElement\":[{\"@type\":\"ListItem\",\"position\":1,\"name\":\"Home\",\"item\":\"https:\\\/\\\/naturalwebdesign.net\\\/pl\\\/\"},{\"@type\":\"ListItem\",\"position\":2,\"name\":\"Pozycjonowanie i Wizerunek\"}]},{\"@type\":\"WebSite\",\"@id\":\"https:\\\/\\\/naturalwebdesign.net\\\/pl\\\/#website\",\"url\":\"https:\\\/\\\/naturalwebdesign.net\\\/pl\\\/\",\"name\":\"Natural Web Design - Projektowanie Stron WWW, Sklepy Internetowe, Aplikacje\",\"description\":\"Strony Internetowe | Aplikacje Internetowe | Web Development | SEO - Pozycjonowanie | CMS | WordPress | Magento | PrestaShop | Warszawa\",\"potentialAction\":[{\"@type\":\"SearchAction\",\"target\":{\"@type\":\"EntryPoint\",\"urlTemplate\":\"https:\\\/\\\/naturalwebdesign.net\\\/pl\\\/?s={search_term_string}\"},\"query-input\":{\"@type\":\"PropertyValueSpecification\",\"valueRequired\":true,\"valueName\":\"search_term_string\"}}],\"inLanguage\":\"pl-PL\"}]}<\/script>\n<!-- \/ Yoast SEO plugin. -->","yoast_head_json":{"title":"Pozycjonowanie i Wizerunek - Natural Web Design - Projektowanie Stron WWW, Sklepy Internetowe, Aplikacje","robots":{"index":"index","follow":"follow","max-snippet":"max-snippet:-1","max-image-preview":"max-image-preview:large","max-video-preview":"max-video-preview:-1"},"canonical":"https:\/\/naturalwebdesign.net\/pl\/pozycjonowanie-i-wizerunek\/","schema":{"@context":"https:\/\/schema.org","@graph":[{"@type":"WebPage","@id":"https:\/\/naturalwebdesign.net\/pl\/pozycjonowanie-i-wizerunek\/","url":"https:\/\/naturalwebdesign.net\/pl\/pozycjonowanie-i-wizerunek\/","name":"Pozycjonowanie i Wizerunek - Natural Web Design - Projektowanie Stron WWW, Sklepy Internetowe, Aplikacje","isPartOf":{"@id":"https:\/\/naturalwebdesign.net\/pl\/#website"},"datePublished":"2012-07-29T22:54:37+00:00","dateModified":"2013-08-18T18:34:28+00:00","breadcrumb":{"@id":"https:\/\/naturalwebdesign.net\/pl\/pozycjonowanie-i-wizerunek\/#breadcrumb"},"inLanguage":"pl-PL","potentialAction":[{"@type":"ReadAction","target":["https:\/\/naturalwebdesign.net\/pl\/pozycjonowanie-i-wizerunek\/"]}]},{"@type":"BreadcrumbList","@id":"https:\/\/naturalwebdesign.net\/pl\/pozycjonowanie-i-wizerunek\/#breadcrumb","itemListElement":[{"@type":"ListItem","position":1,"name":"Home","item":"https:\/\/naturalwebdesign.net\/pl\/"},{"@type":"ListItem","position":2,"name":"Pozycjonowanie i Wizerunek"}]},{"@type":"WebSite","@id":"https:\/\/naturalwebdesign.net\/pl\/#website","url":"https:\/\/naturalwebdesign.net\/pl\/","name":"Natural Web Design - Projektowanie Stron WWW, Sklepy Internetowe, Aplikacje","description":"Strony Internetowe | Aplikacje Internetowe | Web Development | SEO - Pozycjonowanie | CMS | WordPress | Magento | PrestaShop | Warszawa","potentialAction":[{"@type":"SearchAction","target":{"@type":"EntryPoint","urlTemplate":"https:\/\/naturalwebdesign.net\/pl\/?s={search_term_string}"},"query-input":{"@type":"PropertyValueSpecification","valueRequired":true,"valueName":"search_term_string"}}],"inLanguage":"pl-PL"}]}},"_links":{"self":[{"href":"https:\/\/naturalwebdesign.net\/pl\/wp-json\/wp\/v2\/pages\/954","targetHints":{"allow":["GET"]}}],"collection":[{"href":"https:\/\/naturalwebdesign.net\/pl\/wp-json\/wp\/v2\/pages"}],"about":[{"href":"https:\/\/naturalwebdesign.net\/pl\/wp-json\/wp\/v2\/types\/page"}],"author":[{"embeddable":true,"href":"https:\/\/naturalwebdesign.net\/pl\/wp-json\/wp\/v2\/users\/2"}],"replies":[{"embeddable":true,"href":"https:\/\/naturalwebdesign.net\/pl\/wp-json\/wp\/v2\/comments?post=954"}],"version-history":[{"count":1,"href":"https:\/\/naturalwebdesign.net\/pl\/wp-json\/wp\/v2\/pages\/954\/revisions"}],"predecessor-version":[{"id":1157,"href":"https:\/\/naturalwebdesign.net\/pl\/wp-json\/wp\/v2\/pages\/954\/revisions\/1157"}],"wp:attachment":[{"href":"https:\/\/naturalwebdesign.net\/pl\/wp-json\/wp\/v2\/media?parent=954"}],"curies":[{"name":"wp","href":"https:\/\/api.w.org\/{rel}","templated":true}]}}