{"id":956,"date":"2012-07-29T22:55:20","date_gmt":"2012-07-29T22:55:20","guid":{"rendered":"http:\/\/naturalwebdesign.net\/sklepy-internetowe\/"},"modified":"2015-05-20T20:46:40","modified_gmt":"2015-05-20T20:46:40","slug":"sklepy-internetowe","status":"publish","type":"page","link":"https:\/\/naturalwebdesign.net\/pl\/sklepy-internetowe\/","title":{"rendered":"Sklepy Internetowe"},"content":{"rendered":"<p>Tworzymy rozbudowane systemy internetowej sprzeda\u017cy takie jak sklepy webowe, u\u0142atwiaj\u0105ce m.in. komfortowe dokonywanie zakup\u00f3w i korzystanie z modu\u0142\u00f3w p\u0142atno\u015bci, prowadzenie sprzeda\u017cy wysy\u0142kowej, nadzorowanie systemu zam\u00f3wie\u0144, magazynu, systemem wysy\u0142ki.<br \/>\nNajcz\u0119\u015bciej u\u017cywamy do tego celu platform takich jak Magento, OpenCart, PrestaShop oraz <strong>WordPress<\/strong>.<br \/>\n<code style=\"display: none;\"><code style=\"display: none;\"><!-- noformat on --><\/code><\/code><\/p>\n<div class=\"message_karma_coolblue colored_box\">\n<p class=\"home-p\"><a class=\"ka_button medium_button medium_black homebutton\" href=\"\/pl\/portfolio\/\" target=\"_self\"><span><strong>Nasze Realizacje \u00bb<\/strong><\/span><\/a><img decoding=\"async\" style=\"height: 100%;\" class=\"size-full wp-image-211 homebanner\" alt=\"Natural Web Design\" src=\"\/wp-content\/uploads\/2012\/07\/banner.png\" \/><\/p>\n<\/div>\n<p><!-- noformat off --><\/p>\n","protected":false},"excerpt":{"rendered":"<p>Tworzymy rozbudowane systemy internetowej sprzeda\u017cy takie jak sklepy webowe, u\u0142atwiaj\u0105ce m.in. komfortowe dokonywanie zakup\u00f3w i korzystanie z modu\u0142\u00f3w p\u0142atno\u015bci, prowadzenie sprzeda\u017cy wysy\u0142kowej, nadzorowanie systemu zam\u00f3wie\u0144, magazynu, systemem wysy\u0142ki.<br \/>\nNajcz\u0119\u015bciej u\u017cywamy do tego celu platform takich jak Magento, OpenCart, PrestaShop oraz WordPress.<\/p>\n<p>\nNasze Realizacje \u00bb<\/p>\n<p><\/p>\n","protected":false},"author":2,"featured_media":0,"parent":0,"menu_order":2,"comment_status":"open","ping_status":"closed","template":"","meta":{"footnotes":""},"class_list":["post-956","page","type-page","status-publish","hentry"],"yoast_head":"<!-- This site is optimized with the Yoast SEO plugin v27.4 - https:\/\/yoast.com\/product\/yoast-seo-wordpress\/ -->\n<title>Sklepy Internetowe - Natural Web Design - Projektowanie Stron WWW, Sklepy Internetowe, Aplikacje<\/title>\n<meta name=\"robots\" content=\"index, follow, max-snippet:-1, max-image-preview:large, max-video-preview:-1\" \/>\n<link rel=\"canonical\" href=\"https:\/\/naturalwebdesign.net\/pl\/sklepy-internetowe\/\" \/>\n<script type=\"application\/ld+json\" class=\"yoast-schema-graph\">{\"@context\":\"https:\\\/\\\/schema.org\",\"@graph\":[{\"@type\":\"WebPage\",\"@id\":\"https:\\\/\\\/naturalwebdesign.net\\\/pl\\\/sklepy-internetowe\\\/\",\"url\":\"https:\\\/\\\/naturalwebdesign.net\\\/pl\\\/sklepy-internetowe\\\/\",\"name\":\"Sklepy Internetowe - Natural Web Design - Projektowanie Stron WWW, Sklepy Internetowe, Aplikacje\",\"isPartOf\":{\"@id\":\"https:\\\/\\\/naturalwebdesign.net\\\/pl\\\/#website\"},\"datePublished\":\"2012-07-29T22:55:20+00:00\",\"dateModified\":\"2015-05-20T20:46:40+00:00\",\"breadcrumb\":{\"@id\":\"https:\\\/\\\/naturalwebdesign.net\\\/pl\\\/sklepy-internetowe\\\/#breadcrumb\"},\"inLanguage\":\"pl-PL\",\"potentialAction\":[{\"@type\":\"ReadAction\",\"target\":[\"https:\\\/\\\/naturalwebdesign.net\\\/pl\\\/sklepy-internetowe\\\/\"]}]},{\"@type\":\"BreadcrumbList\",\"@id\":\"https:\\\/\\\/naturalwebdesign.net\\\/pl\\\/sklepy-internetowe\\\/#breadcrumb\",\"itemListElement\":[{\"@type\":\"ListItem\",\"position\":1,\"name\":\"Home\",\"item\":\"https:\\\/\\\/naturalwebdesign.net\\\/pl\\\/\"},{\"@type\":\"ListItem\",\"position\":2,\"name\":\"Sklepy Internetowe\"}]},{\"@type\":\"WebSite\",\"@id\":\"https:\\\/\\\/naturalwebdesign.net\\\/pl\\\/#website\",\"url\":\"https:\\\/\\\/naturalwebdesign.net\\\/pl\\\/\",\"name\":\"Natural Web Design - Projektowanie Stron WWW, Sklepy Internetowe, Aplikacje\",\"description\":\"Strony Internetowe | Aplikacje Internetowe | Web Development | SEO - Pozycjonowanie | CMS | WordPress | Magento | PrestaShop | Warszawa\",\"potentialAction\":[{\"@type\":\"SearchAction\",\"target\":{\"@type\":\"EntryPoint\",\"urlTemplate\":\"https:\\\/\\\/naturalwebdesign.net\\\/pl\\\/?s={search_term_string}\"},\"query-input\":{\"@type\":\"PropertyValueSpecification\",\"valueRequired\":true,\"valueName\":\"search_term_string\"}}],\"inLanguage\":\"pl-PL\"}]}<\/script>\n<!-- \/ Yoast SEO plugin. -->","yoast_head_json":{"title":"Sklepy Internetowe - Natural Web Design - Projektowanie Stron WWW, Sklepy Internetowe, Aplikacje","robots":{"index":"index","follow":"follow","max-snippet":"max-snippet:-1","max-image-preview":"max-image-preview:large","max-video-preview":"max-video-preview:-1"},"canonical":"https:\/\/naturalwebdesign.net\/pl\/sklepy-internetowe\/","schema":{"@context":"https:\/\/schema.org","@graph":[{"@type":"WebPage","@id":"https:\/\/naturalwebdesign.net\/pl\/sklepy-internetowe\/","url":"https:\/\/naturalwebdesign.net\/pl\/sklepy-internetowe\/","name":"Sklepy Internetowe - Natural Web Design - Projektowanie Stron WWW, Sklepy Internetowe, Aplikacje","isPartOf":{"@id":"https:\/\/naturalwebdesign.net\/pl\/#website"},"datePublished":"2012-07-29T22:55:20+00:00","dateModified":"2015-05-20T20:46:40+00:00","breadcrumb":{"@id":"https:\/\/naturalwebdesign.net\/pl\/sklepy-internetowe\/#breadcrumb"},"inLanguage":"pl-PL","potentialAction":[{"@type":"ReadAction","target":["https:\/\/naturalwebdesign.net\/pl\/sklepy-internetowe\/"]}]},{"@type":"BreadcrumbList","@id":"https:\/\/naturalwebdesign.net\/pl\/sklepy-internetowe\/#breadcrumb","itemListElement":[{"@type":"ListItem","position":1,"name":"Home","item":"https:\/\/naturalwebdesign.net\/pl\/"},{"@type":"ListItem","position":2,"name":"Sklepy Internetowe"}]},{"@type":"WebSite","@id":"https:\/\/naturalwebdesign.net\/pl\/#website","url":"https:\/\/naturalwebdesign.net\/pl\/","name":"Natural Web Design - Projektowanie Stron WWW, Sklepy Internetowe, Aplikacje","description":"Strony Internetowe | Aplikacje Internetowe | Web Development | SEO - Pozycjonowanie | CMS | WordPress | Magento | PrestaShop | Warszawa","potentialAction":[{"@type":"SearchAction","target":{"@type":"EntryPoint","urlTemplate":"https:\/\/naturalwebdesign.net\/pl\/?s={search_term_string}"},"query-input":{"@type":"PropertyValueSpecification","valueRequired":true,"valueName":"search_term_string"}}],"inLanguage":"pl-PL"}]}},"_links":{"self":[{"href":"https:\/\/naturalwebdesign.net\/pl\/wp-json\/wp\/v2\/pages\/956","targetHints":{"allow":["GET"]}}],"collection":[{"href":"https:\/\/naturalwebdesign.net\/pl\/wp-json\/wp\/v2\/pages"}],"about":[{"href":"https:\/\/naturalwebdesign.net\/pl\/wp-json\/wp\/v2\/types\/page"}],"author":[{"embeddable":true,"href":"https:\/\/naturalwebdesign.net\/pl\/wp-json\/wp\/v2\/users\/2"}],"replies":[{"embeddable":true,"href":"https:\/\/naturalwebdesign.net\/pl\/wp-json\/wp\/v2\/comments?post=956"}],"version-history":[{"count":4,"href":"https:\/\/naturalwebdesign.net\/pl\/wp-json\/wp\/v2\/pages\/956\/revisions"}],"predecessor-version":[{"id":2547,"href":"https:\/\/naturalwebdesign.net\/pl\/wp-json\/wp\/v2\/pages\/956\/revisions\/2547"}],"wp:attachment":[{"href":"https:\/\/naturalwebdesign.net\/pl\/wp-json\/wp\/v2\/media?parent=956"}],"curies":[{"name":"wp","href":"https:\/\/api.w.org\/{rel}","templated":true}]}}