{"id":958,"date":"2012-07-29T22:56:22","date_gmt":"2012-07-29T22:56:22","guid":{"rendered":"http:\/\/naturalwebdesign.net\/strony-internetowe-2\/"},"modified":"2013-08-18T19:00:48","modified_gmt":"2013-08-18T19:00:48","slug":"strony-internetowe","status":"publish","type":"page","link":"https:\/\/naturalwebdesign.net\/pl\/strony-internetowe\/","title":{"rendered":"Strony Internetowe"},"content":{"rendered":"<p>Oferujemy pe\u0142ny pakiet je\u017celi chodzi o tworzenie i obs\u0142ug\u0119 stron www. Od rejestracji domen poprzez projektowanie stron internetowych, konfiguracj\u0119 kont e-mail, zajmujemy si\u0119  ka\u017cd\u0105 najwa\u017cniejsz\u0105 kwesti\u0105 dotycz\u0105c\u0105 utrzymania i sukcesu strony. U\u017cywamy technologie takie jak PHP, MySQL, jQuery, AJAX i HTML5. Pomo\u017cemy skonfigurowa\u0107 i prowadzi\u0107 strony WordPress oraz inne oparte na systemach zarz\u0105dzania tre\u015bci\u0105.<br \/>\n<!-- noformat on --><\/p>\n<div class=\"message_karma_coolblue colored_box\">\n<p class=\"home-p\"><a class=\"ka_button medium_button medium_black homebutton\" href=\"\/pl\/portfolio\/\" target=\"_self\"><span><strong>Nasze Realizacje \u00bb<\/strong><\/span><\/a><img decoding=\"async\" style=\"height: 100%\" class=\"size-full wp-image-211 homebanner\" alt=\"Natural Web Design\" src=\"\/wp-content\/uploads\/2012\/07\/banner.png\" \/><\/p>\n<\/div>\n<p><!-- noformat off --><\/p>\n","protected":false},"excerpt":{"rendered":"<p>Oferujemy pe\u0142ny pakiet je\u017celi chodzi o tworzenie i obs\u0142ug\u0119 stron www. Od rejestracji domen poprzez projektowanie stron internetowych, konfiguracj\u0119 kont e-mail, zajmujemy si\u0119  ka\u017cd\u0105 najwa\u017cniejsz\u0105 kwesti\u0105 dotycz\u0105c\u0105 utrzymania i sukcesu strony. U\u017cywamy technologie takie jak PHP, MySQL, jQuery, AJAX i HTML5. Pomo\u017cemy skonfigurowa\u0107 i prowadzi\u0107 strony WordPress oraz inne oparte na systemach zarz\u0105dzania tre\u015bci\u0105.<\/p>\n<p>\nNasze Realizacje \u00bb<\/p>\n<p><\/p>\n","protected":false},"author":2,"featured_media":0,"parent":0,"menu_order":1,"comment_status":"open","ping_status":"closed","template":"","meta":{"footnotes":""},"class_list":["post-958","page","type-page","status-publish","hentry"],"yoast_head":"<!-- This site is optimized with the Yoast SEO plugin v27.4 - https:\/\/yoast.com\/product\/yoast-seo-wordpress\/ -->\n<title>Strony Internetowe - Natural Web Design - Projektowanie Stron WWW, Sklepy Internetowe, Aplikacje<\/title>\n<meta name=\"robots\" content=\"index, follow, max-snippet:-1, max-image-preview:large, max-video-preview:-1\" \/>\n<link rel=\"canonical\" href=\"https:\/\/naturalwebdesign.net\/pl\/strony-internetowe\/\" \/>\n<script type=\"application\/ld+json\" class=\"yoast-schema-graph\">{\"@context\":\"https:\\\/\\\/schema.org\",\"@graph\":[{\"@type\":\"WebPage\",\"@id\":\"https:\\\/\\\/naturalwebdesign.net\\\/pl\\\/strony-internetowe\\\/\",\"url\":\"https:\\\/\\\/naturalwebdesign.net\\\/pl\\\/strony-internetowe\\\/\",\"name\":\"Strony Internetowe - Natural Web Design - Projektowanie Stron WWW, Sklepy Internetowe, Aplikacje\",\"isPartOf\":{\"@id\":\"https:\\\/\\\/naturalwebdesign.net\\\/pl\\\/#website\"},\"datePublished\":\"2012-07-29T22:56:22+00:00\",\"dateModified\":\"2013-08-18T19:00:48+00:00\",\"breadcrumb\":{\"@id\":\"https:\\\/\\\/naturalwebdesign.net\\\/pl\\\/strony-internetowe\\\/#breadcrumb\"},\"inLanguage\":\"pl-PL\",\"potentialAction\":[{\"@type\":\"ReadAction\",\"target\":[\"https:\\\/\\\/naturalwebdesign.net\\\/pl\\\/strony-internetowe\\\/\"]}]},{\"@type\":\"BreadcrumbList\",\"@id\":\"https:\\\/\\\/naturalwebdesign.net\\\/pl\\\/strony-internetowe\\\/#breadcrumb\",\"itemListElement\":[{\"@type\":\"ListItem\",\"position\":1,\"name\":\"Home\",\"item\":\"https:\\\/\\\/naturalwebdesign.net\\\/pl\\\/\"},{\"@type\":\"ListItem\",\"position\":2,\"name\":\"Strony Internetowe\"}]},{\"@type\":\"WebSite\",\"@id\":\"https:\\\/\\\/naturalwebdesign.net\\\/pl\\\/#website\",\"url\":\"https:\\\/\\\/naturalwebdesign.net\\\/pl\\\/\",\"name\":\"Natural Web Design - Projektowanie Stron WWW, Sklepy Internetowe, Aplikacje\",\"description\":\"Strony Internetowe | Aplikacje Internetowe | Web Development | SEO - Pozycjonowanie | CMS | WordPress | Magento | PrestaShop | Warszawa\",\"potentialAction\":[{\"@type\":\"SearchAction\",\"target\":{\"@type\":\"EntryPoint\",\"urlTemplate\":\"https:\\\/\\\/naturalwebdesign.net\\\/pl\\\/?s={search_term_string}\"},\"query-input\":{\"@type\":\"PropertyValueSpecification\",\"valueRequired\":true,\"valueName\":\"search_term_string\"}}],\"inLanguage\":\"pl-PL\"}]}<\/script>\n<!-- \/ Yoast SEO plugin. -->","yoast_head_json":{"title":"Strony Internetowe - Natural Web Design - Projektowanie Stron WWW, Sklepy Internetowe, Aplikacje","robots":{"index":"index","follow":"follow","max-snippet":"max-snippet:-1","max-image-preview":"max-image-preview:large","max-video-preview":"max-video-preview:-1"},"canonical":"https:\/\/naturalwebdesign.net\/pl\/strony-internetowe\/","schema":{"@context":"https:\/\/schema.org","@graph":[{"@type":"WebPage","@id":"https:\/\/naturalwebdesign.net\/pl\/strony-internetowe\/","url":"https:\/\/naturalwebdesign.net\/pl\/strony-internetowe\/","name":"Strony Internetowe - Natural Web Design - Projektowanie Stron WWW, Sklepy Internetowe, Aplikacje","isPartOf":{"@id":"https:\/\/naturalwebdesign.net\/pl\/#website"},"datePublished":"2012-07-29T22:56:22+00:00","dateModified":"2013-08-18T19:00:48+00:00","breadcrumb":{"@id":"https:\/\/naturalwebdesign.net\/pl\/strony-internetowe\/#breadcrumb"},"inLanguage":"pl-PL","potentialAction":[{"@type":"ReadAction","target":["https:\/\/naturalwebdesign.net\/pl\/strony-internetowe\/"]}]},{"@type":"BreadcrumbList","@id":"https:\/\/naturalwebdesign.net\/pl\/strony-internetowe\/#breadcrumb","itemListElement":[{"@type":"ListItem","position":1,"name":"Home","item":"https:\/\/naturalwebdesign.net\/pl\/"},{"@type":"ListItem","position":2,"name":"Strony Internetowe"}]},{"@type":"WebSite","@id":"https:\/\/naturalwebdesign.net\/pl\/#website","url":"https:\/\/naturalwebdesign.net\/pl\/","name":"Natural Web Design - Projektowanie Stron WWW, Sklepy Internetowe, Aplikacje","description":"Strony Internetowe | Aplikacje Internetowe | Web Development | SEO - Pozycjonowanie | CMS | WordPress | Magento | PrestaShop | Warszawa","potentialAction":[{"@type":"SearchAction","target":{"@type":"EntryPoint","urlTemplate":"https:\/\/naturalwebdesign.net\/pl\/?s={search_term_string}"},"query-input":{"@type":"PropertyValueSpecification","valueRequired":true,"valueName":"search_term_string"}}],"inLanguage":"pl-PL"}]}},"_links":{"self":[{"href":"https:\/\/naturalwebdesign.net\/pl\/wp-json\/wp\/v2\/pages\/958","targetHints":{"allow":["GET"]}}],"collection":[{"href":"https:\/\/naturalwebdesign.net\/pl\/wp-json\/wp\/v2\/pages"}],"about":[{"href":"https:\/\/naturalwebdesign.net\/pl\/wp-json\/wp\/v2\/types\/page"}],"author":[{"embeddable":true,"href":"https:\/\/naturalwebdesign.net\/pl\/wp-json\/wp\/v2\/users\/2"}],"replies":[{"embeddable":true,"href":"https:\/\/naturalwebdesign.net\/pl\/wp-json\/wp\/v2\/comments?post=958"}],"version-history":[{"count":1,"href":"https:\/\/naturalwebdesign.net\/pl\/wp-json\/wp\/v2\/pages\/958\/revisions"}],"predecessor-version":[{"id":1159,"href":"https:\/\/naturalwebdesign.net\/pl\/wp-json\/wp\/v2\/pages\/958\/revisions\/1159"}],"wp:attachment":[{"href":"https:\/\/naturalwebdesign.net\/pl\/wp-json\/wp\/v2\/media?parent=958"}],"curies":[{"name":"wp","href":"https:\/\/api.w.org\/{rel}","templated":true}]}}