{"id":968,"date":"2012-08-05T19:19:02","date_gmt":"2012-08-05T19:19:02","guid":{"rendered":"http:\/\/naturalwebdesign.net\/aplikacje-internetowe\/"},"modified":"2013-08-18T18:34:27","modified_gmt":"2013-08-18T18:34:27","slug":"aplikacje-internetowe","status":"publish","type":"page","link":"https:\/\/naturalwebdesign.net\/pl\/aplikacje-internetowe\/","title":{"rendered":"Aplikacje Internetowe"},"content":{"rendered":"<p>Budujemy od pocz\u0105tku do ko\u0144ca platformy, serwisy i aplikacje webowe posiadaj\u0105ce specjaln\u0105 funkcjonalno\u015b\u0107. Mog\u0105 by\u0107 to platformy ERP \u2013 pomocne w zarz\u0105dzaniu planowaniem zasob\u00f3w instytucji, aplikacje u\u0142atwiaj\u0105ce procesy rekrutacji, portale pracy, portale aukcyjne, fora i wiele innych zale\u017cnie od dedykowanego im przeznaczenia.<br \/>\nU\u017cywamy technologii takich jak PHP i MySQL oraz CMS \u2013 systemy zarz\u0105dzania tre\u015bci\u0105.<br \/>\n<!-- noformat on --><\/p>\n<div class=\"message_karma_coolblue colored_box\">\n<p class=\"home-p\"><a class=\"ka_button medium_button medium_black homebutton\" href=\"\/pl\/portfolio\/\" target=\"_self\"><span><strong>Nasze Realizacje \u00bb<\/strong><\/span><\/a><img decoding=\"async\" style=\"height: 100%\" class=\"size-full wp-image-211 homebanner\" alt=\"Natural Web Design\" src=\"\/wp-content\/uploads\/2012\/07\/banner.png\" \/><\/p>\n<\/div>\n<p><!-- noformat off --><\/p>\n","protected":false},"excerpt":{"rendered":"<p>Budujemy od pocz\u0105tku do ko\u0144ca platformy, serwisy i aplikacje webowe posiadaj\u0105ce specjaln\u0105 funkcjonalno\u015b\u0107. Mog\u0105 by\u0107 to platformy ERP \u2013 pomocne w zarz\u0105dzaniu planowaniem zasob\u00f3w instytucji, aplikacje u\u0142atwiaj\u0105ce procesy rekrutacji, portale pracy, portale aukcyjne, fora i wiele innych zale\u017cnie od dedykowanego im przeznaczenia.<br \/>\nU\u017cywamy technologii takich jak PHP i MySQL oraz CMS \u2013 systemy zarz\u0105dzania tre\u015bci\u0105.<\/p>\n<p>\nNasze Realizacje \u00bb<\/p>\n<p><\/p>\n","protected":false},"author":2,"featured_media":0,"parent":0,"menu_order":3,"comment_status":"open","ping_status":"closed","template":"","meta":{"footnotes":""},"class_list":["post-968","page","type-page","status-publish","hentry"],"yoast_head":"<!-- This site is optimized with the Yoast SEO plugin v27.4 - https:\/\/yoast.com\/product\/yoast-seo-wordpress\/ -->\n<title>Aplikacje Internetowe - Natural Web Design - Projektowanie Stron WWW, Sklepy Internetowe, Aplikacje<\/title>\n<meta name=\"robots\" content=\"index, follow, max-snippet:-1, max-image-preview:large, max-video-preview:-1\" \/>\n<link rel=\"canonical\" href=\"https:\/\/naturalwebdesign.net\/pl\/aplikacje-internetowe\/\" \/>\n<script type=\"application\/ld+json\" class=\"yoast-schema-graph\">{\"@context\":\"https:\\\/\\\/schema.org\",\"@graph\":[{\"@type\":\"WebPage\",\"@id\":\"https:\\\/\\\/naturalwebdesign.net\\\/pl\\\/aplikacje-internetowe\\\/\",\"url\":\"https:\\\/\\\/naturalwebdesign.net\\\/pl\\\/aplikacje-internetowe\\\/\",\"name\":\"Aplikacje Internetowe - Natural Web Design - Projektowanie Stron WWW, Sklepy Internetowe, Aplikacje\",\"isPartOf\":{\"@id\":\"https:\\\/\\\/naturalwebdesign.net\\\/pl\\\/#website\"},\"datePublished\":\"2012-08-05T19:19:02+00:00\",\"dateModified\":\"2013-08-18T18:34:27+00:00\",\"breadcrumb\":{\"@id\":\"https:\\\/\\\/naturalwebdesign.net\\\/pl\\\/aplikacje-internetowe\\\/#breadcrumb\"},\"inLanguage\":\"pl-PL\",\"potentialAction\":[{\"@type\":\"ReadAction\",\"target\":[\"https:\\\/\\\/naturalwebdesign.net\\\/pl\\\/aplikacje-internetowe\\\/\"]}]},{\"@type\":\"BreadcrumbList\",\"@id\":\"https:\\\/\\\/naturalwebdesign.net\\\/pl\\\/aplikacje-internetowe\\\/#breadcrumb\",\"itemListElement\":[{\"@type\":\"ListItem\",\"position\":1,\"name\":\"Home\",\"item\":\"https:\\\/\\\/naturalwebdesign.net\\\/pl\\\/\"},{\"@type\":\"ListItem\",\"position\":2,\"name\":\"Aplikacje Internetowe\"}]},{\"@type\":\"WebSite\",\"@id\":\"https:\\\/\\\/naturalwebdesign.net\\\/pl\\\/#website\",\"url\":\"https:\\\/\\\/naturalwebdesign.net\\\/pl\\\/\",\"name\":\"Natural Web Design - Projektowanie Stron WWW, Sklepy Internetowe, Aplikacje\",\"description\":\"Strony Internetowe | Aplikacje Internetowe | Web Development | SEO - Pozycjonowanie | CMS | WordPress | Magento | PrestaShop | Warszawa\",\"potentialAction\":[{\"@type\":\"SearchAction\",\"target\":{\"@type\":\"EntryPoint\",\"urlTemplate\":\"https:\\\/\\\/naturalwebdesign.net\\\/pl\\\/?s={search_term_string}\"},\"query-input\":{\"@type\":\"PropertyValueSpecification\",\"valueRequired\":true,\"valueName\":\"search_term_string\"}}],\"inLanguage\":\"pl-PL\"}]}<\/script>\n<!-- \/ Yoast SEO plugin. -->","yoast_head_json":{"title":"Aplikacje Internetowe - Natural Web Design - Projektowanie Stron WWW, Sklepy Internetowe, Aplikacje","robots":{"index":"index","follow":"follow","max-snippet":"max-snippet:-1","max-image-preview":"max-image-preview:large","max-video-preview":"max-video-preview:-1"},"canonical":"https:\/\/naturalwebdesign.net\/pl\/aplikacje-internetowe\/","schema":{"@context":"https:\/\/schema.org","@graph":[{"@type":"WebPage","@id":"https:\/\/naturalwebdesign.net\/pl\/aplikacje-internetowe\/","url":"https:\/\/naturalwebdesign.net\/pl\/aplikacje-internetowe\/","name":"Aplikacje Internetowe - Natural Web Design - Projektowanie Stron WWW, Sklepy Internetowe, Aplikacje","isPartOf":{"@id":"https:\/\/naturalwebdesign.net\/pl\/#website"},"datePublished":"2012-08-05T19:19:02+00:00","dateModified":"2013-08-18T18:34:27+00:00","breadcrumb":{"@id":"https:\/\/naturalwebdesign.net\/pl\/aplikacje-internetowe\/#breadcrumb"},"inLanguage":"pl-PL","potentialAction":[{"@type":"ReadAction","target":["https:\/\/naturalwebdesign.net\/pl\/aplikacje-internetowe\/"]}]},{"@type":"BreadcrumbList","@id":"https:\/\/naturalwebdesign.net\/pl\/aplikacje-internetowe\/#breadcrumb","itemListElement":[{"@type":"ListItem","position":1,"name":"Home","item":"https:\/\/naturalwebdesign.net\/pl\/"},{"@type":"ListItem","position":2,"name":"Aplikacje Internetowe"}]},{"@type":"WebSite","@id":"https:\/\/naturalwebdesign.net\/pl\/#website","url":"https:\/\/naturalwebdesign.net\/pl\/","name":"Natural Web Design - Projektowanie Stron WWW, Sklepy Internetowe, Aplikacje","description":"Strony Internetowe | Aplikacje Internetowe | Web Development | SEO - Pozycjonowanie | CMS | WordPress | Magento | PrestaShop | Warszawa","potentialAction":[{"@type":"SearchAction","target":{"@type":"EntryPoint","urlTemplate":"https:\/\/naturalwebdesign.net\/pl\/?s={search_term_string}"},"query-input":{"@type":"PropertyValueSpecification","valueRequired":true,"valueName":"search_term_string"}}],"inLanguage":"pl-PL"}]}},"_links":{"self":[{"href":"https:\/\/naturalwebdesign.net\/pl\/wp-json\/wp\/v2\/pages\/968","targetHints":{"allow":["GET"]}}],"collection":[{"href":"https:\/\/naturalwebdesign.net\/pl\/wp-json\/wp\/v2\/pages"}],"about":[{"href":"https:\/\/naturalwebdesign.net\/pl\/wp-json\/wp\/v2\/types\/page"}],"author":[{"embeddable":true,"href":"https:\/\/naturalwebdesign.net\/pl\/wp-json\/wp\/v2\/users\/2"}],"replies":[{"embeddable":true,"href":"https:\/\/naturalwebdesign.net\/pl\/wp-json\/wp\/v2\/comments?post=968"}],"version-history":[{"count":1,"href":"https:\/\/naturalwebdesign.net\/pl\/wp-json\/wp\/v2\/pages\/968\/revisions"}],"predecessor-version":[{"id":1158,"href":"https:\/\/naturalwebdesign.net\/pl\/wp-json\/wp\/v2\/pages\/968\/revisions\/1158"}],"wp:attachment":[{"href":"https:\/\/naturalwebdesign.net\/pl\/wp-json\/wp\/v2\/media?parent=968"}],"curies":[{"name":"wp","href":"https:\/\/api.w.org\/{rel}","templated":true}]}}